{"id":234,"date":"2026-02-11T21:58:34","date_gmt":"2026-02-11T21:58:34","guid":{"rendered":"https:\/\/clickdesk.at\/?page_id=234"},"modified":"2026-02-11T22:00:59","modified_gmt":"2026-02-11T22:00:59","slug":"impressum","status":"publish","type":"page","link":"https:\/\/clickdesk.at\/?page_id=234&lang=en","title":{"rendered":"Impressum"},"content":{"rendered":"\t\t<div data-elementor-type=\"wp-page\" data-elementor-id=\"234\" class=\"elementor elementor-234\" data-elementor-post-type=\"page\">\n\t\t\t\t<div class=\"elementor-element elementor-element-27e6443 e-flex e-con-boxed e-con e-parent\" data-id=\"27e6443\" data-element_type=\"container\" data-e-type=\"container\">\n\t\t\t\t\t<div class=\"e-con-inner\">\n\t\t\t\t<div class=\"elementor-element elementor-element-1a940d6 elementor-widget elementor-widget-text-editor\" data-id=\"1a940d6\" data-element_type=\"widget\" data-e-type=\"widget\" data-widget_type=\"text-editor.default\">\n\t\t\t\t\t\t\t\t\t<p>Informationen \u00fcber den Diensteanbieter.<\/p><p><strong>Luptrade GmbH<\/strong><\/p><p>Schlanitzgasse 3,<br \/>1220 Wien,<br \/>\u00d6sterreich<\/p><p><strong>Tel.:<\/strong>\u00a0+436601116060<br \/><strong>E-Mail:<\/strong>\u00a0<a href=\"mailto:office@luptrade.at\">office@luptrade.at<\/a><\/p><p><strong>Firmenbuchnummer:<\/strong>\u00a0FN 641850 y<br \/><strong>Firmenbuchgericht:<\/strong>\u00a0Wien<br \/><strong>Firmensitz:<\/strong>\u00a01220 Wien<br \/><strong>Unternehmensgegenstand:<\/strong>\u00a0Handel<\/p><p><strong>Berufsbezeichnung:<\/strong>\u00a0Handel<br \/><strong>Verleihungsstaat:<\/strong>\u00a0\u00d6sterreich<\/p><p><strong>Gesch\u00e4ftsf\u00fchrer:<\/strong>\u00a0Harald Wolf<br \/><strong>Beteiligungsverh\u00e4ltnisse:<\/strong>\u00a0Harald Wolf 100%<\/p><p>Alle Texte sind urheberrechtlich gesch\u00fctzt.<\/p><p>Quelle: Erstellt mit dem\u00a0<a title=\"Impressum Generator \u00d6sterreich von AdSimple\" href=\"https:\/\/www.adsimple.at\/impressum-generator\/\">Impressum Generator<\/a>\u00a0von AdSimple<\/p><p class=\"adsimple-123103418\" style=\"font-family: Montserrat; font-weight: bold; line-height: 1.4; font-size: 32px; color: #000000; margin-top: 21.44px; margin-bottom: 21.44px;\">Legal Notice<\/p><p>Information about the service provider.<\/p><p><span style=\"font-weight: bolder;\">Luptrade GmbH<\/span><\/p><p>Schlanitzgasse 3,<br \/>1220 Wien,<br \/>\u00d6sterreich<\/p><p><span style=\"font-weight: bolder;\">Phone number:<\/span>\u00a0+436601116060<br \/><span style=\"font-weight: bolder;\">Email:<\/span>\u00a0<a style=\"text-decoration-line: underline; transition-property: color, background-color, border-color; transition-duration: 0.2s; transition-timing-function: linear; color: #333333;\" href=\"mailto:office@luptrade.at\">office@luptrade.at<\/a><\/p><p><span style=\"font-weight: bolder;\">Commercial register number:<\/span>\u00a0FN 641850 y<br \/><span style=\"font-weight: bolder;\">Commercial Register Court:<\/span>\u00a0Wien<br \/><span style=\"font-weight: bolder;\">Registered office:<\/span>\u00a01220 Wien<br \/><span style=\"font-weight: bolder;\">Business purpose:<\/span>\u00a0Handel<\/p><p><span style=\"font-weight: bolder;\">Professional designation:<\/span>\u00a0Handel<br \/><span style=\"font-weight: bolder;\">Granting state:<\/span>\u00a0\u00d6sterreich<\/p><p><span style=\"font-weight: bolder;\">Chief Executive Officer:<\/span>\u00a0Harald Wolf<br \/><span style=\"font-weight: bolder;\">Participation relationships:<\/span>\u00a0Harald Wolf 100%<\/p><p>All texts are copyrighted.<\/p><p>Source: Created with the\u00a0<a style=\"text-decoration-line: underline; transition-property: color, background-color, border-color; transition-duration: 0.2s; transition-timing-function: linear; color: #333333;\" title=\"Impressum Generator Austria by AdSimple\" href=\"https:\/\/www.adsimple.at\/impressum-generator\/\">Impressum Generator<\/a>\u00a0by AdSimple<\/p>\t\t\t\t\t\t\t\t<\/div>\n\t\t\t\t\t<\/div>\n\t\t\t\t<\/div>\n\t\t\t\t<\/div>\n\t\t","protected":false},"excerpt":{"rendered":"<p>Informationen \u00fcber den Diensteanbieter. Luptrade GmbH Schlanitzgasse 3,1220 Wien,\u00d6sterreich Tel.:\u00a0+436601116060E-Mail:\u00a0office@luptrade.at Firmenbuchnummer:\u00a0FN 641850 yFirmenbuchgericht:\u00a0WienFirmensitz:\u00a01220 WienUnternehmensgegenstand:\u00a0Handel Berufsbezeichnung:\u00a0HandelVerleihungsstaat:\u00a0\u00d6sterreich Gesch\u00e4ftsf\u00fchrer:\u00a0Harald WolfBeteiligungsverh\u00e4ltnisse:\u00a0Harald Wolf 100% Alle Texte sind urheberrechtlich gesch\u00fctzt. Quelle: Erstellt mit dem\u00a0Impressum Generator\u00a0von AdSimple Legal Notice Information about the service provider. Luptrade GmbH Schlanitzgasse 3,1220 Wien,\u00d6sterreich Phone number:\u00a0+436601116060Email:\u00a0office@luptrade.at Commercial register number:\u00a0FN 641850 yCommercial Register Court:\u00a0WienRegistered office:\u00a01220 WienBusiness purpose:\u00a0Handel Professional [&hellip;]<\/p>\n","protected":false},"author":2,"featured_media":0,"parent":0,"menu_order":0,"comment_status":"closed","ping_status":"closed","template":"","meta":{"footnotes":""},"class_list":["post-234","page","type-page","status-publish","hentry"],"_links":{"self":[{"href":"https:\/\/clickdesk.at\/index.php?rest_route=\/wp\/v2\/pages\/234","targetHints":{"allow":["GET"]}}],"collection":[{"href":"https:\/\/clickdesk.at\/index.php?rest_route=\/wp\/v2\/pages"}],"about":[{"href":"https:\/\/clickdesk.at\/index.php?rest_route=\/wp\/v2\/types\/page"}],"author":[{"embeddable":true,"href":"https:\/\/clickdesk.at\/index.php?rest_route=\/wp\/v2\/users\/2"}],"replies":[{"embeddable":true,"href":"https:\/\/clickdesk.at\/index.php?rest_route=%2Fwp%2Fv2%2Fcomments&post=234"}],"version-history":[{"count":4,"href":"https:\/\/clickdesk.at\/index.php?rest_route=\/wp\/v2\/pages\/234\/revisions"}],"predecessor-version":[{"id":238,"href":"https:\/\/clickdesk.at\/index.php?rest_route=\/wp\/v2\/pages\/234\/revisions\/238"}],"wp:attachment":[{"href":"https:\/\/clickdesk.at\/index.php?rest_route=%2Fwp%2Fv2%2Fmedia&parent=234"}],"curies":[{"name":"wp","href":"https:\/\/api.w.org\/{rel}","templated":true}]}}