{"id":285,"date":"2026-02-21T14:23:21","date_gmt":"2026-02-21T14:23:21","guid":{"rendered":"https:\/\/clickdesk.at\/?page_id=285"},"modified":"2026-02-21T14:55:50","modified_gmt":"2026-02-21T14:55:50","slug":"home-english","status":"publish","type":"page","link":"https:\/\/clickdesk.at\/?page_id=285&lang=en-gb","title":{"rendered":"Home &#8211; English"},"content":{"rendered":"\t\t<div data-elementor-type=\"wp-page\" data-elementor-id=\"285\" class=\"elementor elementor-285\" data-elementor-post-type=\"page\">\n\t\t\t\t<div class=\"elementor-element elementor-element-f7f7965 e-con-full e-flex e-con e-parent\" data-id=\"f7f7965\" data-element_type=\"container\" data-e-type=\"container\">\n\t\t<div class=\"elementor-element elementor-element-593a481e e-grid e-con-boxed e-con e-child\" data-id=\"593a481e\" data-element_type=\"container\" data-e-type=\"container\">\n\t\t\t\t\t<div class=\"e-con-inner\">\n\t\t\t\t<div class=\"elementor-element elementor-element-1368a18e elementor-skin-slideshow elementor-arrows-yes elementor-widget elementor-widget-media-carousel\" data-id=\"1368a18e\" data-element_type=\"widget\" data-e-type=\"widget\" data-settings=\"{&quot;skin&quot;:&quot;slideshow&quot;,&quot;effect&quot;:&quot;slide&quot;,&quot;show_arrows&quot;:&quot;yes&quot;,&quot;speed&quot;:500,&quot;autoplay&quot;:&quot;yes&quot;,&quot;autoplay_speed&quot;:5000,&quot;loop&quot;:&quot;yes&quot;,&quot;pause_on_hover&quot;:&quot;yes&quot;,&quot;pause_on_interaction&quot;:&quot;yes&quot;,&quot;space_between&quot;:{&quot;unit&quot;:&quot;px&quot;,&quot;size&quot;:10,&quot;sizes&quot;:[]},&quot;space_between_tablet&quot;:{&quot;unit&quot;:&quot;px&quot;,&quot;size&quot;:10,&quot;sizes&quot;:[]},&quot;space_between_mobile&quot;:{&quot;unit&quot;:&quot;px&quot;,&quot;size&quot;:10,&quot;sizes&quot;:[]}}\" data-widget_type=\"media-carousel.default\">\n\t\t\t\t\t\t\t\t\t\t<div class=\"elementor-main-swiper swiper\" role=\"region\" aria-roledescription=\"carousel\" aria-label=\"Slides\">\n\t\t\t\t<div class=\"swiper-wrapper\">\n\t\t\t\t\t\t\t\t\t\t\t<div class=\"swiper-slide\" role=\"group\" aria-roledescription=\"slide\">\n\t\t\t\t\t\t\t\t\t<div class=\"elementor-carousel-image\" role=\"img\" aria-label=\"Bespielbild f\u00fcr einen volll best\u00fcckten Stiftek\u00f6cher\" style=\"background-image: url(&#039;https:\/\/clickdesk.at\/wp-content\/uploads\/2026\/02\/Koecher_voll-scaled.jpg&#039;)\">\n\n\t\t\t\n\t\t\t\t\t<\/div>\n\t\t\t\t\t\t\t\t<\/div>\n\t\t\t\t\t\t\t\t\t\t\t<div class=\"swiper-slide\" role=\"group\" aria-roledescription=\"slide\">\n\t\t\t\t\t\t\t\t\t<div class=\"elementor-carousel-image\" role=\"img\" aria-label=\"Koecher_Farben\" style=\"background-image: url(&#039;https:\/\/clickdesk.at\/wp-content\/uploads\/2026\/02\/Koecher_Farben-scaled.jpg&#039;)\">\n\n\t\t\t\n\t\t\t\t\t<\/div>\n\t\t\t\t\t\t\t\t<\/div>\n\t\t\t\t\t\t\t\t\t\t\t<div class=\"swiper-slide\" role=\"group\" aria-roledescription=\"slide\">\n\t\t\t\t\t\t\t\t\t<div class=\"elementor-carousel-image\" role=\"img\" aria-label=\"Kocher_stufen\" style=\"background-image: url(&#039;https:\/\/clickdesk.at\/wp-content\/uploads\/2026\/02\/Kocher_stufen-scaled.jpg&#039;)\">\n\n\t\t\t\n\t\t\t\t\t<\/div>\n\t\t\t\t\t\t\t\t<\/div>\n\t\t\t\t\t\t\t\t\t\t\t<div class=\"swiper-slide\" role=\"group\" aria-roledescription=\"slide\">\n\t\t\t\t\t\t\t\t\t<div class=\"elementor-carousel-image\" role=\"img\" aria-label=\"Kocher_lila\" style=\"background-image: url(&#039;https:\/\/clickdesk.at\/wp-content\/uploads\/2026\/02\/Kocher_lila-scaled.jpg&#039;)\">\n\n\t\t\t\n\t\t\t\t\t<\/div>\n\t\t\t\t\t\t\t\t<\/div>\n\t\t\t\t\t\t\t\t\t\t\t<div class=\"swiper-slide\" role=\"group\" aria-roledescription=\"slide\">\n\t\t\t\t\t\t\t\t\t<div class=\"elementor-carousel-image\" role=\"img\" aria-label=\"Koecher_trenner\" style=\"background-image: url(&#039;https:\/\/clickdesk.at\/wp-content\/uploads\/2026\/02\/Koecher_trenner-scaled.jpg&#039;)\">\n\n\t\t\t\n\t\t\t\t\t<\/div>\n\t\t\t\t\t\t\t\t<\/div>\n\t\t\t\t\t\t\t\t\t<\/div>\n\t\t\t\t\t\t\t\t\t\t\t\t\t\t\t<div class=\"elementor-swiper-button elementor-swiper-button-prev\" role=\"button\" tabindex=\"0\" aria-label=\"Previous\">\n\t\t\t\t\t\t\t<svg aria-hidden=\"true\" class=\"e-font-icon-svg e-eicon-chevron-left\" viewBox=\"0 0 1000 1000\" xmlns=\"http:\/\/www.w3.org\/2000\/svg\"><path d=\"M646 125C629 125 613 133 604 142L308 442C296 454 292 471 292 487 292 504 296 521 308 533L604 854C617 867 629 875 646 875 663 875 679 871 692 858 704 846 713 829 713 812 713 796 708 779 692 767L438 487 692 225C700 217 708 204 708 187 708 171 704 154 692 142 675 129 663 125 646 125Z\"><\/path><\/svg>\t\t\t\t\t\t<\/div>\n\t\t\t\t\t\t<div class=\"elementor-swiper-button elementor-swiper-button-next\" role=\"button\" tabindex=\"0\" aria-label=\"Next\">\n\t\t\t\t\t\t\t<svg aria-hidden=\"true\" class=\"e-font-icon-svg e-eicon-chevron-right\" viewBox=\"0 0 1000 1000\" xmlns=\"http:\/\/www.w3.org\/2000\/svg\"><path d=\"M696 533C708 521 713 504 713 487 713 471 708 454 696 446L400 146C388 133 375 125 354 125 338 125 325 129 313 142 300 154 292 171 292 187 292 204 296 221 308 233L563 492 304 771C292 783 288 800 288 817 288 833 296 850 308 863 321 871 338 875 354 875 371 875 388 867 400 854L696 533Z\"><\/path><\/svg>\t\t\t\t\t\t<\/div>\n\t\t\t\t\t\t\t\t\t\t\t\t\t\t\t\t\t<\/div>\n\t\t\t\t\t\t\t\t\t<div class=\"elementor-main-swiper swiper elementor-thumbnails-swiper swiper\" role=\"region region\" aria-roledescription=\"carousel carousel\" aria-label=\"Slides Slides\">\n\t\t\t\t<div class=\"swiper-wrapper\">\n\t\t\t\t\t\t\t\t\t\t\t<div class=\"swiper-slide\" role=\"group\" aria-roledescription=\"slide\">\n\t\t\t\t\t\t\t\t\t<div class=\"elementor-carousel-image\" role=\"img\" aria-label=\"Bespielbild f\u00fcr einen volll best\u00fcckten Stiftek\u00f6cher\" style=\"background-image: url(&#039;https:\/\/clickdesk.at\/wp-content\/uploads\/2026\/02\/Koecher_voll-scaled.jpg&#039;)\">\n\n\t\t\t\n\t\t\t\t\t<\/div>\n\t\t\t\t\t\t\t\t<\/div>\n\t\t\t\t\t\t\t\t\t\t\t<div class=\"swiper-slide\" role=\"group\" aria-roledescription=\"slide\">\n\t\t\t\t\t\t\t\t\t<div class=\"elementor-carousel-image\" role=\"img\" aria-label=\"Koecher_Farben\" style=\"background-image: url(&#039;https:\/\/clickdesk.at\/wp-content\/uploads\/2026\/02\/Koecher_Farben-scaled.jpg&#039;)\">\n\n\t\t\t\n\t\t\t\t\t<\/div>\n\t\t\t\t\t\t\t\t<\/div>\n\t\t\t\t\t\t\t\t\t\t\t<div class=\"swiper-slide\" role=\"group\" aria-roledescription=\"slide\">\n\t\t\t\t\t\t\t\t\t<div class=\"elementor-carousel-image\" role=\"img\" aria-label=\"Kocher_stufen\" style=\"background-image: url(&#039;https:\/\/clickdesk.at\/wp-content\/uploads\/2026\/02\/Kocher_stufen-scaled.jpg&#039;)\">\n\n\t\t\t\n\t\t\t\t\t<\/div>\n\t\t\t\t\t\t\t\t<\/div>\n\t\t\t\t\t\t\t\t\t\t\t<div class=\"swiper-slide\" role=\"group\" aria-roledescription=\"slide\">\n\t\t\t\t\t\t\t\t\t<div class=\"elementor-carousel-image\" role=\"img\" aria-label=\"Kocher_lila\" style=\"background-image: url(&#039;https:\/\/clickdesk.at\/wp-content\/uploads\/2026\/02\/Kocher_lila-scaled.jpg&#039;)\">\n\n\t\t\t\n\t\t\t\t\t<\/div>\n\t\t\t\t\t\t\t\t<\/div>\n\t\t\t\t\t\t\t\t\t\t\t<div class=\"swiper-slide\" role=\"group\" aria-roledescription=\"slide\">\n\t\t\t\t\t\t\t\t\t<div class=\"elementor-carousel-image\" role=\"img\" aria-label=\"Koecher_trenner\" style=\"background-image: url(&#039;https:\/\/clickdesk.at\/wp-content\/uploads\/2026\/02\/Koecher_trenner-scaled.jpg&#039;)\">\n\n\t\t\t\n\t\t\t\t\t<\/div>\n\t\t\t\t\t\t\t\t<\/div>\n\t\t\t\t\t\t\t\t\t<\/div>\n\t\t\t\t\t\t\t\t\t\t\t\t\t\t\t\t\t\t\t\t\t<\/div>\n\t\t\t\t\t\t\t\t<\/div>\n\t\t<div class=\"elementor-element elementor-element-24e07dfe e-con-full e-flex e-con e-child\" data-id=\"24e07dfe\" data-element_type=\"container\" data-e-type=\"container\" id=\"shop\" data-settings=\"{&quot;background_background&quot;:&quot;classic&quot;}\">\n\t\t\t\t<div class=\"elementor-element elementor-element-13fb4ddd elementor-widget elementor-widget-heading\" data-id=\"13fb4ddd\" data-element_type=\"widget\" data-e-type=\"widget\" data-widget_type=\"heading.default\">\n\t\t\t\t\t<h2 class=\"elementor-heading-title elementor-size-default\">Order one of our starter sets now<\/h2>\t\t\t\t<\/div>\n\t\t\t\t<div class=\"elementor-element elementor-element-3fe00b10 elementor-widget__width-initial elementor-widget elementor-widget-text-editor\" data-id=\"3fe00b10\" data-element_type=\"widget\" data-e-type=\"widget\" data-widget_type=\"text-editor.default\">\n\t\t\t\t\t\t\t\t\t<p data-start=\"97\" data-end=\"209\">Our basic set includes four holders in sizes 20 mm, 40 mm, 80 mm and 100 mm, as well as the required connectors.<\/p><p data-start=\"211\" data-end=\"247\">At our special starter price of \u20ac20.<\/p><p data-start=\"249\" data-end=\"337\">And our design set consists of 4 design sleeves in the colour and design of your choice.<\/p><p data-start=\"339\" data-end=\"375\">At our special starter price of \u20ac15.<\/p>\t\t\t\t\t\t\t\t<\/div>\n\t\t\t\t<div class=\"elementor-element elementor-element-67fe55d elementor-align-center elementor-widget elementor-widget-button\" data-id=\"67fe55d\" data-element_type=\"widget\" data-e-type=\"widget\" data-widget_type=\"button.default\">\n\t\t\t\t\t\t\t\t\t\t<a class=\"elementor-button elementor-button-link elementor-size-sm\" href=\"https:\/\/clickdesk.at\/?page_id=194\">\n\t\t\t\t\t\t<span class=\"elementor-button-content-wrapper\">\n\t\t\t\t\t\t\t\t\t<span class=\"elementor-button-text\">Order here!<\/span>\n\t\t\t\t\t<\/span>\n\t\t\t\t\t<\/a>\n\t\t\t\t\t\t\t\t<\/div>\n\t\t\t\t<\/div>\n\t\t\t\t\t<\/div>\n\t\t\t\t<\/div>\n\t\t\t\t<\/div>\n\t\t<div class=\"elementor-element elementor-element-32e55b65 e-flex e-con-boxed e-con e-parent\" data-id=\"32e55b65\" data-element_type=\"container\" data-e-type=\"container\">\n\t\t\t\t\t<div class=\"e-con-inner\">\n\t\t\t\t<div class=\"elementor-element elementor-element-2a4b78e6 elementor-widget elementor-widget-menu-anchor\" data-id=\"2a4b78e6\" data-element_type=\"widget\" data-e-type=\"widget\" data-widget_type=\"menu-anchor.default\">\n\t\t\t\t\t\t\t<div class=\"elementor-menu-anchor\" id=\"about-us\"><\/div>\n\t\t\t\t\t\t<\/div>\n\t\t\t\t\t<\/div>\n\t\t\t\t<\/div>\n\t\t<div class=\"elementor-element elementor-element-4f62a8ec e-flex e-con-boxed e-con e-parent\" data-id=\"4f62a8ec\" data-element_type=\"container\" data-e-type=\"container\" data-settings=\"{&quot;background_background&quot;:&quot;classic&quot;}\">\n\t\t\t\t\t<div class=\"e-con-inner\">\n\t\t\t\t<div class=\"elementor-element elementor-element-48130ae4 elementor-widget elementor-widget-heading\" data-id=\"48130ae4\" data-element_type=\"widget\" data-e-type=\"widget\" data-widget_type=\"heading.default\">\n\t\t\t\t\t<h2 class=\"elementor-heading-title elementor-size-default\">About Us<\/h2>\t\t\t\t<\/div>\n\t\t\t\t<div class=\"elementor-element elementor-element-58cf9337 elementor-widget__width-initial elementor-widget elementor-widget-text-editor\" data-id=\"58cf9337\" data-element_type=\"widget\" data-e-type=\"widget\" data-widget_type=\"text-editor.default\">\n\t\t\t\t\t\t\t\t\t<p>We\u2019re a small team based in Vienna, at the heart of Austria. During one of our team meetings, we realised just how chaotic our desks become when creativity strikes. So we decided to create a better solution.<\/p>\t\t\t\t\t\t\t\t<\/div>\n\t\t\t\t<div class=\"elementor-element elementor-element-75c2e1af elementor-widget elementor-widget-text-editor\" data-id=\"75c2e1af\" data-element_type=\"widget\" data-e-type=\"widget\" data-widget_type=\"text-editor.default\">\n\t\t\t\t\t\t\t\t\t<p>ClickDesk isn\u2019t just another pen holder or desk organiser. It\u2019s a modular system designed to bring calm to your workspace and help you focus on what truly matters.<\/p><p data-start=\"668\" data-end=\"716\"><strong data-start=\"668\" data-end=\"716\">ClickDesk \u2013 organisation that simply clicks.<\/strong><\/p><p data-start=\"718\" data-end=\"745\">Yours,<\/p><p data-start=\"718\" data-end=\"745\">The ClickDesk Team<\/p>\t\t\t\t\t\t\t\t<\/div>\n\t\t\t\t\t<\/div>\n\t\t\t\t<\/div>\n\t\t<div class=\"elementor-element elementor-element-7a45442d e-con-full e-flex e-con e-parent\" data-id=\"7a45442d\" data-element_type=\"container\" data-e-type=\"container\">\n\t\t<div class=\"elementor-element elementor-element-6739d5af e-con-full e-flex e-con e-child\" data-id=\"6739d5af\" data-element_type=\"container\" data-e-type=\"container\" id=\"contact\">\n\t\t\t\t<div class=\"elementor-element elementor-element-2b50efee elementor-widget elementor-widget-heading\" data-id=\"2b50efee\" data-element_type=\"widget\" data-e-type=\"widget\" data-widget_type=\"heading.default\">\n\t\t\t\t\t<h2 class=\"elementor-heading-title elementor-size-default\">Our Product<\/h2>\t\t\t\t<\/div>\n\t\t<div class=\"elementor-element elementor-element-5131a366 e-grid e-con-full e-con e-child\" data-id=\"5131a366\" data-element_type=\"container\" data-e-type=\"container\">\n\t\t\t\t<div class=\"elementor-element elementor-element-dfcda61 elementor-widget__width-initial elementor-widget elementor-widget-text-editor\" data-id=\"dfcda61\" data-element_type=\"widget\" data-e-type=\"widget\" data-widget_type=\"text-editor.default\">\n\t\t\t\t\t\t\t\t\t<p data-start=\"768\" data-end=\"976\">Designed and manufactured in Vienna, ClickDesk is proudly made in Austria. While it may look like a pen holder at first glance, it\u2019s far more than that \u2014 it\u2019s a flexible organiser built for modern workspaces.<\/p><p data-start=\"978\" data-end=\"1165\">Our starter set includes containers in various sizes, all customisable with interchangeable design sleeves. Fancy a new look? Simply switch the design \u2014 no need to replace the whole unit.<\/p><p data-start=\"1167\" data-end=\"1377\">We\u2019re launching with our pen organisers, with a notepad holder and business card module coming soon. And this is just the beginning \u2014 we\u2019re already working on additional practical modules and fresh new designs.<\/p><p data-start=\"1379\" data-end=\"1495\">We\u2019ll also be releasing limited-edition colours and patterns, available for a short time only, including at launch.<\/p><p data-start=\"1497\" data-end=\"1703\">Customers who purchase a special edition will receive an exclusive guarantee card, allowing them to reorder matching components at any time. That way, even limited designs can grow alongside future modules.<\/p>\t\t\t\t\t\t\t\t<\/div>\n\t\t<div class=\"elementor-element elementor-element-3fc6b577 e-grid e-con-full e-con e-child\" data-id=\"3fc6b577\" data-element_type=\"container\" data-e-type=\"container\">\n\t\t\t\t<div class=\"elementor-element elementor-element-5a35c376 elementor-widget elementor-widget-image\" data-id=\"5a35c376\" data-element_type=\"widget\" data-e-type=\"widget\" data-widget_type=\"image.default\">\n\t\t\t\t\t\t\t\t\t\t\t\t\t\t\t<img fetchpriority=\"high\" decoding=\"async\" width=\"800\" height=\"800\" src=\"https:\/\/clickdesk.at\/wp-content\/uploads\/2026\/02\/Koecher_voll-1-1024x1024.jpg\" class=\"attachment-large size-large wp-image-274\" alt=\"\" srcset=\"https:\/\/clickdesk.at\/wp-content\/uploads\/2026\/02\/Koecher_voll-1-1024x1024.jpg 1024w, https:\/\/clickdesk.at\/wp-content\/uploads\/2026\/02\/Koecher_voll-1-300x300.jpg 300w, https:\/\/clickdesk.at\/wp-content\/uploads\/2026\/02\/Koecher_voll-1-150x150.jpg 150w, https:\/\/clickdesk.at\/wp-content\/uploads\/2026\/02\/Koecher_voll-1-768x768.jpg 768w, https:\/\/clickdesk.at\/wp-content\/uploads\/2026\/02\/Koecher_voll-1-1536x1536.jpg 1536w, https:\/\/clickdesk.at\/wp-content\/uploads\/2026\/02\/Koecher_voll-1-2048x2048.jpg 2048w\" sizes=\"(max-width: 800px) 100vw, 800px\" \/>\t\t\t\t\t\t\t\t\t\t\t\t\t\t\t<\/div>\n\t\t\t\t<div class=\"elementor-element elementor-element-286f877c elementor-widget elementor-widget-image\" data-id=\"286f877c\" data-element_type=\"widget\" data-e-type=\"widget\" data-widget_type=\"image.default\">\n\t\t\t\t\t\t\t\t\t\t\t\t\t\t\t<img decoding=\"async\" width=\"800\" height=\"800\" src=\"https:\/\/clickdesk.at\/wp-content\/uploads\/2026\/02\/Koecher_Farben_1_1-1024x1024.jpg\" class=\"attachment-large size-large wp-image-275\" alt=\"\" srcset=\"https:\/\/clickdesk.at\/wp-content\/uploads\/2026\/02\/Koecher_Farben_1_1-1024x1024.jpg 1024w, https:\/\/clickdesk.at\/wp-content\/uploads\/2026\/02\/Koecher_Farben_1_1-300x300.jpg 300w, https:\/\/clickdesk.at\/wp-content\/uploads\/2026\/02\/Koecher_Farben_1_1-150x150.jpg 150w, https:\/\/clickdesk.at\/wp-content\/uploads\/2026\/02\/Koecher_Farben_1_1-768x768.jpg 768w, https:\/\/clickdesk.at\/wp-content\/uploads\/2026\/02\/Koecher_Farben_1_1-1536x1536.jpg 1536w, https:\/\/clickdesk.at\/wp-content\/uploads\/2026\/02\/Koecher_Farben_1_1-2048x2048.jpg 2048w\" sizes=\"(max-width: 800px) 100vw, 800px\" \/>\t\t\t\t\t\t\t\t\t\t\t\t\t\t\t<\/div>\n\t\t\t\t<\/div>\n\t\t\t\t<\/div>\n\t\t\t\t<div class=\"elementor-element elementor-element-744478ca elementor-widget elementor-widget-heading\" data-id=\"744478ca\" data-element_type=\"widget\" data-e-type=\"widget\" data-widget_type=\"heading.default\">\n\t\t\t\t\t<h2 class=\"elementor-heading-title elementor-size-default\">Fancy a chat?<\/h2>\t\t\t\t<\/div>\n\t\t\t\t<div class=\"elementor-element elementor-element-583ef5bf elementor-widget__width-initial elementor-widget elementor-widget-text-editor\" data-id=\"583ef5bf\" data-element_type=\"widget\" data-e-type=\"widget\" data-widget_type=\"text-editor.default\">\n\t\t\t\t\t\t\t\t\t<p>We\u2019re always looking to improve, develop new modules and create fresh designs.<br data-start=\"208\" data-end=\"211\" \/>If you\u2019ve got an idea for an extension or a new look, we\u2019d love to hear from you.<\/p>\t\t\t\t\t\t\t\t<\/div>\n\t\t\t\t<\/div>\n\t\t\t\t<\/div>\n\t\t\t\t<\/div>\n\t\t","protected":false},"excerpt":{"rendered":"<p>Order one of our starter sets now Our basic set includes four holders in sizes 20 mm, 40 mm, 80 mm and 100 mm, as well as the required connectors. At our special starter price of \u20ac20. And our design set consists of 4 design sleeves in the colour and design of your choice. At [&hellip;]<\/p>\n","protected":false},"author":1,"featured_media":0,"parent":0,"menu_order":0,"comment_status":"closed","ping_status":"closed","template":"elementor_header_footer","meta":{"footnotes":""},"class_list":["post-285","page","type-page","status-publish","hentry"],"_links":{"self":[{"href":"https:\/\/clickdesk.at\/index.php?rest_route=\/wp\/v2\/pages\/285","targetHints":{"allow":["GET"]}}],"collection":[{"href":"https:\/\/clickdesk.at\/index.php?rest_route=\/wp\/v2\/pages"}],"about":[{"href":"https:\/\/clickdesk.at\/index.php?rest_route=\/wp\/v2\/types\/page"}],"author":[{"embeddable":true,"href":"https:\/\/clickdesk.at\/index.php?rest_route=\/wp\/v2\/users\/1"}],"replies":[{"embeddable":true,"href":"https:\/\/clickdesk.at\/index.php?rest_route=%2Fwp%2Fv2%2Fcomments&post=285"}],"version-history":[{"count":15,"href":"https:\/\/clickdesk.at\/index.php?rest_route=\/wp\/v2\/pages\/285\/revisions"}],"predecessor-version":[{"id":328,"href":"https:\/\/clickdesk.at\/index.php?rest_route=\/wp\/v2\/pages\/285\/revisions\/328"}],"wp:attachment":[{"href":"https:\/\/clickdesk.at\/index.php?rest_route=%2Fwp%2Fv2%2Fmedia&parent=285"}],"curies":[{"name":"wp","href":"https:\/\/api.w.org\/{rel}","templated":true}]}}