{"id":286,"date":"2026-02-21T14:26:23","date_gmt":"2026-02-21T14:26:23","guid":{"rendered":"https:\/\/clickdesk.at\/?page_id=286"},"modified":"2026-02-21T14:29:36","modified_gmt":"2026-02-21T14:29:36","slug":"home-deutsch","status":"publish","type":"page","link":"https:\/\/clickdesk.at\/","title":{"rendered":"Home &#8211; Deutsch"},"content":{"rendered":"\t\t<div data-elementor-type=\"wp-page\" data-elementor-id=\"286\" class=\"elementor elementor-286\" data-elementor-post-type=\"page\">\n\t\t\t\t<div class=\"elementor-element elementor-element-14fd3849 e-con-full e-flex e-con e-parent\" data-id=\"14fd3849\" data-element_type=\"container\" data-e-type=\"container\">\n\t\t<div class=\"elementor-element elementor-element-5ab94396 e-grid e-con-boxed e-con e-child\" data-id=\"5ab94396\" data-element_type=\"container\" data-e-type=\"container\">\n\t\t\t\t\t<div class=\"e-con-inner\">\n\t\t\t\t<div class=\"elementor-element elementor-element-471259a6 elementor-skin-slideshow elementor-arrows-yes elementor-widget elementor-widget-media-carousel\" data-id=\"471259a6\" data-element_type=\"widget\" data-e-type=\"widget\" data-settings=\"{&quot;skin&quot;:&quot;slideshow&quot;,&quot;effect&quot;:&quot;slide&quot;,&quot;show_arrows&quot;:&quot;yes&quot;,&quot;speed&quot;:500,&quot;autoplay&quot;:&quot;yes&quot;,&quot;autoplay_speed&quot;:5000,&quot;loop&quot;:&quot;yes&quot;,&quot;pause_on_hover&quot;:&quot;yes&quot;,&quot;pause_on_interaction&quot;:&quot;yes&quot;,&quot;space_between&quot;:{&quot;unit&quot;:&quot;px&quot;,&quot;size&quot;:10,&quot;sizes&quot;:[]},&quot;space_between_tablet&quot;:{&quot;unit&quot;:&quot;px&quot;,&quot;size&quot;:10,&quot;sizes&quot;:[]},&quot;space_between_mobile&quot;:{&quot;unit&quot;:&quot;px&quot;,&quot;size&quot;:10,&quot;sizes&quot;:[]}}\" data-widget_type=\"media-carousel.default\">\n\t\t\t\t\t\t\t\t\t\t<div class=\"elementor-main-swiper swiper\" role=\"region\" aria-roledescription=\"carousel\" aria-label=\"Slides\">\n\t\t\t\t<div class=\"swiper-wrapper\">\n\t\t\t\t\t\t\t\t\t\t\t<div class=\"swiper-slide\" role=\"group\" aria-roledescription=\"slide\">\n\t\t\t\t\t\t\t\t\t<div class=\"elementor-carousel-image\" role=\"img\" aria-label=\"Bespielbild f\u00fcr einen volll best\u00fcckten Stiftek\u00f6cher\" style=\"background-image: url(&#039;https:\/\/clickdesk.at\/wp-content\/uploads\/2026\/02\/Koecher_voll-scaled.jpg&#039;)\">\n\n\t\t\t\n\t\t\t\t\t<\/div>\n\t\t\t\t\t\t\t\t<\/div>\n\t\t\t\t\t\t\t\t\t\t\t<div class=\"swiper-slide\" role=\"group\" aria-roledescription=\"slide\">\n\t\t\t\t\t\t\t\t\t<div class=\"elementor-carousel-image\" role=\"img\" aria-label=\"Koecher_Farben\" style=\"background-image: url(&#039;https:\/\/clickdesk.at\/wp-content\/uploads\/2026\/02\/Koecher_Farben-scaled.jpg&#039;)\">\n\n\t\t\t\n\t\t\t\t\t<\/div>\n\t\t\t\t\t\t\t\t<\/div>\n\t\t\t\t\t\t\t\t\t\t\t<div class=\"swiper-slide\" role=\"group\" aria-roledescription=\"slide\">\n\t\t\t\t\t\t\t\t\t<div class=\"elementor-carousel-image\" role=\"img\" aria-label=\"Kocher_stufen\" style=\"background-image: url(&#039;https:\/\/clickdesk.at\/wp-content\/uploads\/2026\/02\/Kocher_stufen-scaled.jpg&#039;)\">\n\n\t\t\t\n\t\t\t\t\t<\/div>\n\t\t\t\t\t\t\t\t<\/div>\n\t\t\t\t\t\t\t\t\t\t\t<div class=\"swiper-slide\" role=\"group\" aria-roledescription=\"slide\">\n\t\t\t\t\t\t\t\t\t<div class=\"elementor-carousel-image\" role=\"img\" aria-label=\"Kocher_lila\" style=\"background-image: url(&#039;https:\/\/clickdesk.at\/wp-content\/uploads\/2026\/02\/Kocher_lila-scaled.jpg&#039;)\">\n\n\t\t\t\n\t\t\t\t\t<\/div>\n\t\t\t\t\t\t\t\t<\/div>\n\t\t\t\t\t\t\t\t\t\t\t<div class=\"swiper-slide\" role=\"group\" aria-roledescription=\"slide\">\n\t\t\t\t\t\t\t\t\t<div class=\"elementor-carousel-image\" role=\"img\" aria-label=\"Koecher_trenner\" style=\"background-image: url(&#039;https:\/\/clickdesk.at\/wp-content\/uploads\/2026\/02\/Koecher_trenner-scaled.jpg&#039;)\">\n\n\t\t\t\n\t\t\t\t\t<\/div>\n\t\t\t\t\t\t\t\t<\/div>\n\t\t\t\t\t\t\t\t\t<\/div>\n\t\t\t\t\t\t\t\t\t\t\t\t\t\t\t<div class=\"elementor-swiper-button elementor-swiper-button-prev\" role=\"button\" tabindex=\"0\" aria-label=\"Previous\">\n\t\t\t\t\t\t\t<svg aria-hidden=\"true\" class=\"e-font-icon-svg e-eicon-chevron-left\" viewBox=\"0 0 1000 1000\" xmlns=\"http:\/\/www.w3.org\/2000\/svg\"><path d=\"M646 125C629 125 613 133 604 142L308 442C296 454 292 471 292 487 292 504 296 521 308 533L604 854C617 867 629 875 646 875 663 875 679 871 692 858 704 846 713 829 713 812 713 796 708 779 692 767L438 487 692 225C700 217 708 204 708 187 708 171 704 154 692 142 675 129 663 125 646 125Z\"><\/path><\/svg>\t\t\t\t\t\t<\/div>\n\t\t\t\t\t\t<div class=\"elementor-swiper-button elementor-swiper-button-next\" role=\"button\" tabindex=\"0\" aria-label=\"Next\">\n\t\t\t\t\t\t\t<svg aria-hidden=\"true\" class=\"e-font-icon-svg e-eicon-chevron-right\" viewBox=\"0 0 1000 1000\" xmlns=\"http:\/\/www.w3.org\/2000\/svg\"><path d=\"M696 533C708 521 713 504 713 487 713 471 708 454 696 446L400 146C388 133 375 125 354 125 338 125 325 129 313 142 300 154 292 171 292 187 292 204 296 221 308 233L563 492 304 771C292 783 288 800 288 817 288 833 296 850 308 863 321 871 338 875 354 875 371 875 388 867 400 854L696 533Z\"><\/path><\/svg>\t\t\t\t\t\t<\/div>\n\t\t\t\t\t\t\t\t\t\t\t\t\t\t\t\t\t<\/div>\n\t\t\t\t\t\t\t\t\t<div class=\"elementor-main-swiper swiper elementor-thumbnails-swiper swiper\" role=\"region region\" aria-roledescription=\"carousel carousel\" aria-label=\"Slides Slides\">\n\t\t\t\t<div class=\"swiper-wrapper\">\n\t\t\t\t\t\t\t\t\t\t\t<div class=\"swiper-slide\" role=\"group\" aria-roledescription=\"slide\">\n\t\t\t\t\t\t\t\t\t<div class=\"elementor-carousel-image\" role=\"img\" aria-label=\"Bespielbild f\u00fcr einen volll best\u00fcckten Stiftek\u00f6cher\" style=\"background-image: url(&#039;https:\/\/clickdesk.at\/wp-content\/uploads\/2026\/02\/Koecher_voll-scaled.jpg&#039;)\">\n\n\t\t\t\n\t\t\t\t\t<\/div>\n\t\t\t\t\t\t\t\t<\/div>\n\t\t\t\t\t\t\t\t\t\t\t<div class=\"swiper-slide\" role=\"group\" aria-roledescription=\"slide\">\n\t\t\t\t\t\t\t\t\t<div class=\"elementor-carousel-image\" role=\"img\" aria-label=\"Koecher_Farben\" style=\"background-image: url(&#039;https:\/\/clickdesk.at\/wp-content\/uploads\/2026\/02\/Koecher_Farben-scaled.jpg&#039;)\">\n\n\t\t\t\n\t\t\t\t\t<\/div>\n\t\t\t\t\t\t\t\t<\/div>\n\t\t\t\t\t\t\t\t\t\t\t<div class=\"swiper-slide\" role=\"group\" aria-roledescription=\"slide\">\n\t\t\t\t\t\t\t\t\t<div class=\"elementor-carousel-image\" role=\"img\" aria-label=\"Kocher_stufen\" style=\"background-image: url(&#039;https:\/\/clickdesk.at\/wp-content\/uploads\/2026\/02\/Kocher_stufen-scaled.jpg&#039;)\">\n\n\t\t\t\n\t\t\t\t\t<\/div>\n\t\t\t\t\t\t\t\t<\/div>\n\t\t\t\t\t\t\t\t\t\t\t<div class=\"swiper-slide\" role=\"group\" aria-roledescription=\"slide\">\n\t\t\t\t\t\t\t\t\t<div class=\"elementor-carousel-image\" role=\"img\" aria-label=\"Kocher_lila\" style=\"background-image: url(&#039;https:\/\/clickdesk.at\/wp-content\/uploads\/2026\/02\/Kocher_lila-scaled.jpg&#039;)\">\n\n\t\t\t\n\t\t\t\t\t<\/div>\n\t\t\t\t\t\t\t\t<\/div>\n\t\t\t\t\t\t\t\t\t\t\t<div class=\"swiper-slide\" role=\"group\" aria-roledescription=\"slide\">\n\t\t\t\t\t\t\t\t\t<div class=\"elementor-carousel-image\" role=\"img\" aria-label=\"Koecher_trenner\" style=\"background-image: url(&#039;https:\/\/clickdesk.at\/wp-content\/uploads\/2026\/02\/Koecher_trenner-scaled.jpg&#039;)\">\n\n\t\t\t\n\t\t\t\t\t<\/div>\n\t\t\t\t\t\t\t\t<\/div>\n\t\t\t\t\t\t\t\t\t<\/div>\n\t\t\t\t\t\t\t\t\t\t\t\t\t\t\t\t\t\t\t\t\t<\/div>\n\t\t\t\t\t\t\t\t<\/div>\n\t\t<div class=\"elementor-element elementor-element-5335bdde e-con-full e-flex e-con e-child\" data-id=\"5335bdde\" data-element_type=\"container\" data-e-type=\"container\" id=\"shop\" data-settings=\"{&quot;background_background&quot;:&quot;classic&quot;}\">\n\t\t\t\t<div class=\"elementor-element elementor-element-12e5a44d elementor-widget elementor-widget-heading\" data-id=\"12e5a44d\" data-element_type=\"widget\" data-e-type=\"widget\" data-widget_type=\"heading.default\">\n\t\t\t\t\t<h2 class=\"elementor-heading-title elementor-size-default\">Bestelle dir jetzt eines unserer Starterset<\/h2>\t\t\t\t<\/div>\n\t\t\t\t<div class=\"elementor-element elementor-element-4a07990a elementor-widget__width-initial elementor-widget elementor-widget-text-editor\" data-id=\"4a07990a\" data-element_type=\"widget\" data-e-type=\"widget\" data-widget_type=\"text-editor.default\">\n\t\t\t\t\t\t\t\t\t<p>Unser Basis-Set enth\u00e4lt vier K\u00f6cher in den Gr\u00f6\u00dfem 20mm, 40mm, 80mm sowie 100mm und die dazu ben\u00f6tigten Verbinder.<\/p><p>Zu unserem Starterpreis von 20\u20ac<\/p><p>Und unser Design Set besteht aus 4 Design-Sleeves in Farbe und Design nach Wahl.\u00a0<\/p><p>Zu unserem Starterpreis von 15\u20ac<\/p>\t\t\t\t\t\t\t\t<\/div>\n\t\t\t\t<div class=\"elementor-element elementor-element-97bdfe9 elementor-align-center elementor-widget elementor-widget-button\" data-id=\"97bdfe9\" data-element_type=\"widget\" data-e-type=\"widget\" data-widget_type=\"button.default\">\n\t\t\t\t\t\t\t\t\t\t<a class=\"elementor-button elementor-button-link elementor-size-sm\" href=\"https:\/\/clickdesk.at\/?page_id=194\">\n\t\t\t\t\t\t<span class=\"elementor-button-content-wrapper\">\n\t\t\t\t\t\t\t\t\t<span class=\"elementor-button-text\">Hier bestellen!<\/span>\n\t\t\t\t\t<\/span>\n\t\t\t\t\t<\/a>\n\t\t\t\t\t\t\t\t<\/div>\n\t\t\t\t<\/div>\n\t\t\t\t\t<\/div>\n\t\t\t\t<\/div>\n\t\t\t\t<\/div>\n\t\t<div class=\"elementor-element elementor-element-9fbf9a9 e-flex e-con-boxed e-con e-parent\" data-id=\"9fbf9a9\" data-element_type=\"container\" data-e-type=\"container\">\n\t\t\t\t\t<div class=\"e-con-inner\">\n\t\t\t\t<div class=\"elementor-element elementor-element-5e5932b4 elementor-widget elementor-widget-menu-anchor\" data-id=\"5e5932b4\" data-element_type=\"widget\" data-e-type=\"widget\" data-widget_type=\"menu-anchor.default\">\n\t\t\t\t\t\t\t<div class=\"elementor-menu-anchor\" id=\"about-us\"><\/div>\n\t\t\t\t\t\t<\/div>\n\t\t\t\t\t<\/div>\n\t\t\t\t<\/div>\n\t\t<div class=\"elementor-element elementor-element-8dcd36f e-flex e-con-boxed e-con e-parent\" data-id=\"8dcd36f\" data-element_type=\"container\" data-e-type=\"container\" data-settings=\"{&quot;background_background&quot;:&quot;classic&quot;}\">\n\t\t\t\t\t<div class=\"e-con-inner\">\n\t\t\t\t<div class=\"elementor-element elementor-element-3358ea30 elementor-widget elementor-widget-heading\" data-id=\"3358ea30\" data-element_type=\"widget\" data-e-type=\"widget\" data-widget_type=\"heading.default\">\n\t\t\t\t\t<h2 class=\"elementor-heading-title elementor-size-default\">\u00dcber uns<\/h2>\t\t\t\t<\/div>\n\t\t\t\t<div class=\"elementor-element elementor-element-6b4f3f4d elementor-widget__width-initial elementor-widget elementor-widget-text-editor\" data-id=\"6b4f3f4d\" data-element_type=\"widget\" data-e-type=\"widget\" data-widget_type=\"text-editor.default\">\n\t\t\t\t\t\t\t\t\t<p>Wir sind ein kleines Team aus Wien, dem Herzen \u00d6sterreichs. Bei einem Team-Meeting ist uns aufgefallen, wie chaotisch unsere Tische w\u00e4hrend unserer kreativen Prozessen werden. Hier siehst du unsere L\u00f6sung!<\/p>\t\t\t\t\t\t\t\t<\/div>\n\t\t\t\t<div class=\"elementor-element elementor-element-25dc153 elementor-widget elementor-widget-text-editor\" data-id=\"25dc153\" data-element_type=\"widget\" data-e-type=\"widget\" data-widget_type=\"text-editor.default\">\n\t\t\t\t\t\t\t\t\t<p>Dabei ist ClickDesk nicht nur ein einfacher Stiftek\u00f6cher oder ein Organizer. ClickDesk ist deine pers\u00f6nliche L\u00f6sung, um das Chaos auf deinem Schreibtisch zu beheben und dich ganz auf deine Arbeit konzentrieren zu k\u00f6nnen, ganz nach unserem Motto:<\/p><p>ClickDesk &#8211; Ordnung, die klickt<\/p><p>\u00a0<\/p><p>Eure Clicky&#8217;s<\/p>\t\t\t\t\t\t\t\t<\/div>\n\t\t\t\t\t<\/div>\n\t\t\t\t<\/div>\n\t\t<div class=\"elementor-element elementor-element-5d792683 e-con-full e-flex e-con e-parent\" data-id=\"5d792683\" data-element_type=\"container\" data-e-type=\"container\">\n\t\t<div class=\"elementor-element elementor-element-1368fa46 e-con-full e-flex e-con e-child\" data-id=\"1368fa46\" data-element_type=\"container\" data-e-type=\"container\" id=\"contact\">\n\t\t\t\t<div class=\"elementor-element elementor-element-38b2917a elementor-widget elementor-widget-heading\" data-id=\"38b2917a\" data-element_type=\"widget\" data-e-type=\"widget\" data-widget_type=\"heading.default\">\n\t\t\t\t\t<h2 class=\"elementor-heading-title elementor-size-default\">Unser Produkt<\/h2>\t\t\t\t<\/div>\n\t\t<div class=\"elementor-element elementor-element-1854b92f e-grid e-con-full e-con e-child\" data-id=\"1854b92f\" data-element_type=\"container\" data-e-type=\"container\">\n\t\t\t\t<div class=\"elementor-element elementor-element-39039509 elementor-widget__width-initial elementor-widget elementor-widget-text-editor\" data-id=\"39039509\" data-element_type=\"widget\" data-e-type=\"widget\" data-widget_type=\"text-editor.default\">\n\t\t\t\t\t\t\t\t\t<p>ClickDesk ist unser, in \u00d6sterreich, genauer gesagt in Wien, entwickelter und produzierter Stiftek\u00f6cher. Eigentlich aber viel mehr als nur ein einfacher Stiftek\u00f6cher, er ist ein Organizer, ein Gadget, ein Helfer im stressigen B\u00fcroalltag.<\/p><p>Aktuell besteht unser Basis Set aus vier Beh\u00e4ltern in verschiedenen Gr\u00f6\u00dfen, welche nach Belieben mit verschiedenen Designs ausgestattet werden k\u00f6nnen. Sollte ClickDesk mal nicht mehr gefallen, kann das Design einfach gewechselt werden.<\/p><p>Zum Start halten wir die Stifte-Organizer f\u00fcr euch bereit, bald darauf folgen ein Notizblock-Halter sowie ein Visitenkarten-Halter. Wir haben aber noch sooo viele Ideen f\u00fcr weitere praktische und spannende Module sowie coole Designs, die auf unsere Umsetzung warten.<\/p><p>Eine wichtige Info noch f\u00fcr euch: Wir haben bereits einige spezielle Designs sowie Farben geplant, welche nur kurzfristig verf\u00fcgbar sein werden. So auch zu unserem Launch.<\/p><p>Zu den Sondereditionen bekommt ihr eine unserer Sicherungskarten, mit der Ihr jederzeit Teile f\u00fcr eure Sonderserie nachbestellen k\u00f6nnt, so bleibt ihr trotz Spezialdesign oder Spezialfarbe immer am neusten Stand von Modulen!<\/p>\t\t\t\t\t\t\t\t<\/div>\n\t\t<div class=\"elementor-element elementor-element-c3c69d0 e-grid e-con-full e-con e-child\" data-id=\"c3c69d0\" data-element_type=\"container\" data-e-type=\"container\">\n\t\t\t\t<div class=\"elementor-element elementor-element-1bda991e elementor-widget elementor-widget-image\" data-id=\"1bda991e\" data-element_type=\"widget\" data-e-type=\"widget\" data-widget_type=\"image.default\">\n\t\t\t\t\t\t\t\t\t\t\t\t\t\t\t<img fetchpriority=\"high\" decoding=\"async\" width=\"800\" height=\"800\" src=\"https:\/\/clickdesk.at\/wp-content\/uploads\/2026\/02\/Koecher_voll-1-1024x1024.jpg\" class=\"attachment-large size-large wp-image-274\" alt=\"\" srcset=\"https:\/\/clickdesk.at\/wp-content\/uploads\/2026\/02\/Koecher_voll-1-1024x1024.jpg 1024w, https:\/\/clickdesk.at\/wp-content\/uploads\/2026\/02\/Koecher_voll-1-300x300.jpg 300w, https:\/\/clickdesk.at\/wp-content\/uploads\/2026\/02\/Koecher_voll-1-150x150.jpg 150w, https:\/\/clickdesk.at\/wp-content\/uploads\/2026\/02\/Koecher_voll-1-768x768.jpg 768w, https:\/\/clickdesk.at\/wp-content\/uploads\/2026\/02\/Koecher_voll-1-1536x1536.jpg 1536w, https:\/\/clickdesk.at\/wp-content\/uploads\/2026\/02\/Koecher_voll-1-2048x2048.jpg 2048w\" sizes=\"(max-width: 800px) 100vw, 800px\" \/>\t\t\t\t\t\t\t\t\t\t\t\t\t\t\t<\/div>\n\t\t\t\t<div class=\"elementor-element elementor-element-57654a04 elementor-widget elementor-widget-image\" data-id=\"57654a04\" data-element_type=\"widget\" data-e-type=\"widget\" data-widget_type=\"image.default\">\n\t\t\t\t\t\t\t\t\t\t\t\t\t\t\t<img decoding=\"async\" width=\"800\" height=\"800\" src=\"https:\/\/clickdesk.at\/wp-content\/uploads\/2026\/02\/Koecher_Farben_1_1-1024x1024.jpg\" class=\"attachment-large size-large wp-image-275\" alt=\"\" srcset=\"https:\/\/clickdesk.at\/wp-content\/uploads\/2026\/02\/Koecher_Farben_1_1-1024x1024.jpg 1024w, https:\/\/clickdesk.at\/wp-content\/uploads\/2026\/02\/Koecher_Farben_1_1-300x300.jpg 300w, https:\/\/clickdesk.at\/wp-content\/uploads\/2026\/02\/Koecher_Farben_1_1-150x150.jpg 150w, https:\/\/clickdesk.at\/wp-content\/uploads\/2026\/02\/Koecher_Farben_1_1-768x768.jpg 768w, https:\/\/clickdesk.at\/wp-content\/uploads\/2026\/02\/Koecher_Farben_1_1-1536x1536.jpg 1536w, https:\/\/clickdesk.at\/wp-content\/uploads\/2026\/02\/Koecher_Farben_1_1-2048x2048.jpg 2048w\" sizes=\"(max-width: 800px) 100vw, 800px\" \/>\t\t\t\t\t\t\t\t\t\t\t\t\t\t\t<\/div>\n\t\t\t\t<\/div>\n\t\t\t\t<\/div>\n\t\t\t\t<div class=\"elementor-element elementor-element-96de375 elementor-widget elementor-widget-heading\" data-id=\"96de375\" data-element_type=\"widget\" data-e-type=\"widget\" data-widget_type=\"heading.default\">\n\t\t\t\t\t<h2 class=\"elementor-heading-title elementor-size-default\">Du willst mit uns reden?<\/h2>\t\t\t\t<\/div>\n\t\t\t\t<div class=\"elementor-element elementor-element-182f2bdd elementor-widget__width-initial elementor-widget elementor-widget-text-editor\" data-id=\"182f2bdd\" data-element_type=\"widget\" data-e-type=\"widget\" data-widget_type=\"text-editor.default\">\n\t\t\t\t\t\t\t\t\t<p>Wir sind stetig dabei uns zu verbessern, neue Module zu entwickeln, euch mit unseren Designs zu verzaubern, falls du also Ideen zu einer Erweiterung oder einem neuen Design hast, melde dich doch gerne bei uns!<\/p>\t\t\t\t\t\t\t\t<\/div>\n\t\t\t\t<\/div>\n\t\t\t\t<\/div>\n\t\t\t\t<\/div>\n\t\t","protected":false},"excerpt":{"rendered":"<p>Bestelle dir jetzt eines unserer Starterset Unser Basis-Set enth\u00e4lt vier K\u00f6cher in den Gr\u00f6\u00dfem 20mm, 40mm, 80mm sowie 100mm und die dazu ben\u00f6tigten Verbinder. Zu unserem Starterpreis von 20\u20ac Und unser Design Set besteht aus 4 Design-Sleeves in Farbe und Design nach Wahl.\u00a0 Zu unserem Starterpreis von 15\u20ac Hier bestellen! \u00dcber uns Wir sind ein [&hellip;]<\/p>\n","protected":false},"author":1,"featured_media":0,"parent":0,"menu_order":0,"comment_status":"closed","ping_status":"closed","template":"elementor_header_footer","meta":{"footnotes":""},"class_list":["post-286","page","type-page","status-publish","hentry"],"_links":{"self":[{"href":"https:\/\/clickdesk.at\/index.php?rest_route=\/wp\/v2\/pages\/286","targetHints":{"allow":["GET"]}}],"collection":[{"href":"https:\/\/clickdesk.at\/index.php?rest_route=\/wp\/v2\/pages"}],"about":[{"href":"https:\/\/clickdesk.at\/index.php?rest_route=\/wp\/v2\/types\/page"}],"author":[{"embeddable":true,"href":"https:\/\/clickdesk.at\/index.php?rest_route=\/wp\/v2\/users\/1"}],"replies":[{"embeddable":true,"href":"https:\/\/clickdesk.at\/index.php?rest_route=%2Fwp%2Fv2%2Fcomments&post=286"}],"version-history":[{"count":3,"href":"https:\/\/clickdesk.at\/index.php?rest_route=\/wp\/v2\/pages\/286\/revisions"}],"predecessor-version":[{"id":296,"href":"https:\/\/clickdesk.at\/index.php?rest_route=\/wp\/v2\/pages\/286\/revisions\/296"}],"wp:attachment":[{"href":"https:\/\/clickdesk.at\/index.php?rest_route=%2Fwp%2Fv2%2Fmedia&parent=286"}],"curies":[{"name":"wp","href":"https:\/\/api.w.org\/{rel}","templated":true}]}}