{"id":55,"date":"2026-02-08T11:22:59","date_gmt":"2026-02-08T11:22:59","guid":{"rendered":"https:\/\/clickdesk.at\/?page_id=55"},"modified":"2026-03-05T21:42:37","modified_gmt":"2026-03-05T21:42:37","slug":"home","status":"publish","type":"page","link":"https:\/\/clickdesk.at\/?page_id=55&lang=en","title":{"rendered":"Home"},"content":{"rendered":"\t\t<div data-elementor-type=\"wp-page\" data-elementor-id=\"55\" class=\"elementor elementor-55\" data-elementor-post-type=\"page\">\n\t\t\t\t<div class=\"elementor-element elementor-element-5b87a71b e-con-full e-flex e-con e-parent\" data-id=\"5b87a71b\" data-element_type=\"container\" data-e-type=\"container\">\n\t\t<div class=\"elementor-element elementor-element-837c7f6 e-grid e-con-boxed e-con e-child\" data-id=\"837c7f6\" data-element_type=\"container\" data-e-type=\"container\">\n\t\t\t\t\t<div class=\"e-con-inner\">\n\t\t\t\t<div class=\"elementor-element elementor-element-eba61ef elementor-skin-slideshow elementor-arrows-yes elementor-widget elementor-widget-media-carousel\" data-id=\"eba61ef\" data-element_type=\"widget\" data-e-type=\"widget\" data-settings=\"{&quot;skin&quot;:&quot;slideshow&quot;,&quot;effect&quot;:&quot;slide&quot;,&quot;show_arrows&quot;:&quot;yes&quot;,&quot;speed&quot;:500,&quot;autoplay&quot;:&quot;yes&quot;,&quot;autoplay_speed&quot;:5000,&quot;loop&quot;:&quot;yes&quot;,&quot;pause_on_hover&quot;:&quot;yes&quot;,&quot;pause_on_interaction&quot;:&quot;yes&quot;,&quot;space_between&quot;:{&quot;unit&quot;:&quot;px&quot;,&quot;size&quot;:10,&quot;sizes&quot;:[]},&quot;space_between_tablet&quot;:{&quot;unit&quot;:&quot;px&quot;,&quot;size&quot;:10,&quot;sizes&quot;:[]},&quot;space_between_mobile&quot;:{&quot;unit&quot;:&quot;px&quot;,&quot;size&quot;:10,&quot;sizes&quot;:[]}}\" data-widget_type=\"media-carousel.default\">\n\t\t\t\t\t\t\t\t\t\t<div class=\"elementor-main-swiper swiper\" role=\"region\" aria-roledescription=\"carousel\" aria-label=\"Slides\">\n\t\t\t\t<div class=\"swiper-wrapper\">\n\t\t\t\t\t\t\t\t\t\t\t<div class=\"swiper-slide\" role=\"group\" aria-roledescription=\"slide\">\n\t\t\t\t\t\t\t\t\t<div class=\"elementor-carousel-image\" role=\"img\" aria-label=\"Bespielbild f\u00fcr einen volll best\u00fcckten Stiftek\u00f6cher\" style=\"background-image: url(&#039;https:\/\/clickdesk.at\/wp-content\/uploads\/2026\/02\/Koecher_voll-scaled.jpg&#039;)\">\n\n\t\t\t\n\t\t\t\t\t<\/div>\n\t\t\t\t\t\t\t\t<\/div>\n\t\t\t\t\t\t\t\t\t\t\t<div class=\"swiper-slide\" role=\"group\" aria-roledescription=\"slide\">\n\t\t\t\t\t\t\t\t\t<div class=\"elementor-carousel-image\" role=\"img\" aria-label=\"Koecher_Farben\" style=\"background-image: url(&#039;https:\/\/clickdesk.at\/wp-content\/uploads\/2026\/02\/Koecher_Farben-scaled.jpg&#039;)\">\n\n\t\t\t\n\t\t\t\t\t<\/div>\n\t\t\t\t\t\t\t\t<\/div>\n\t\t\t\t\t\t\t\t\t\t\t<div class=\"swiper-slide\" role=\"group\" aria-roledescription=\"slide\">\n\t\t\t\t\t\t\t\t\t<div class=\"elementor-carousel-image\" role=\"img\" aria-label=\"Kocher_stufen\" style=\"background-image: url(&#039;https:\/\/clickdesk.at\/wp-content\/uploads\/2026\/02\/Kocher_stufen-scaled.jpg&#039;)\">\n\n\t\t\t\n\t\t\t\t\t<\/div>\n\t\t\t\t\t\t\t\t<\/div>\n\t\t\t\t\t\t\t\t\t\t\t<div class=\"swiper-slide\" role=\"group\" aria-roledescription=\"slide\">\n\t\t\t\t\t\t\t\t\t<div class=\"elementor-carousel-image\" role=\"img\" aria-label=\"Kocher_lila\" style=\"background-image: url(&#039;https:\/\/clickdesk.at\/wp-content\/uploads\/2026\/02\/Kocher_lila-scaled.jpg&#039;)\">\n\n\t\t\t\n\t\t\t\t\t<\/div>\n\t\t\t\t\t\t\t\t<\/div>\n\t\t\t\t\t\t\t\t\t\t\t<div class=\"swiper-slide\" role=\"group\" aria-roledescription=\"slide\">\n\t\t\t\t\t\t\t\t\t<div class=\"elementor-carousel-image\" role=\"img\" aria-label=\"Koecher_trenner\" style=\"background-image: url(&#039;https:\/\/clickdesk.at\/wp-content\/uploads\/2026\/02\/Koecher_trenner-scaled.jpg&#039;)\">\n\n\t\t\t\n\t\t\t\t\t<\/div>\n\t\t\t\t\t\t\t\t<\/div>\n\t\t\t\t\t\t\t\t\t<\/div>\n\t\t\t\t\t\t\t\t\t\t\t\t\t\t\t<div class=\"elementor-swiper-button elementor-swiper-button-prev\" role=\"button\" tabindex=\"0\" aria-label=\"Previous\">\n\t\t\t\t\t\t\t<svg aria-hidden=\"true\" class=\"e-font-icon-svg e-eicon-chevron-left\" viewBox=\"0 0 1000 1000\" xmlns=\"http:\/\/www.w3.org\/2000\/svg\"><path d=\"M646 125C629 125 613 133 604 142L308 442C296 454 292 471 292 487 292 504 296 521 308 533L604 854C617 867 629 875 646 875 663 875 679 871 692 858 704 846 713 829 713 812 713 796 708 779 692 767L438 487 692 225C700 217 708 204 708 187 708 171 704 154 692 142 675 129 663 125 646 125Z\"><\/path><\/svg>\t\t\t\t\t\t<\/div>\n\t\t\t\t\t\t<div class=\"elementor-swiper-button elementor-swiper-button-next\" role=\"button\" tabindex=\"0\" aria-label=\"Next\">\n\t\t\t\t\t\t\t<svg aria-hidden=\"true\" class=\"e-font-icon-svg e-eicon-chevron-right\" viewBox=\"0 0 1000 1000\" xmlns=\"http:\/\/www.w3.org\/2000\/svg\"><path d=\"M696 533C708 521 713 504 713 487 713 471 708 454 696 446L400 146C388 133 375 125 354 125 338 125 325 129 313 142 300 154 292 171 292 187 292 204 296 221 308 233L563 492 304 771C292 783 288 800 288 817 288 833 296 850 308 863 321 871 338 875 354 875 371 875 388 867 400 854L696 533Z\"><\/path><\/svg>\t\t\t\t\t\t<\/div>\n\t\t\t\t\t\t\t\t\t\t\t\t\t\t\t\t\t<\/div>\n\t\t\t\t\t\t\t\t\t<div class=\"elementor-main-swiper swiper elementor-thumbnails-swiper swiper\" role=\"region region\" aria-roledescription=\"carousel carousel\" aria-label=\"Slides Slides\">\n\t\t\t\t<div class=\"swiper-wrapper\">\n\t\t\t\t\t\t\t\t\t\t\t<div class=\"swiper-slide\" role=\"group\" aria-roledescription=\"slide\">\n\t\t\t\t\t\t\t\t\t<div class=\"elementor-carousel-image\" role=\"img\" aria-label=\"Bespielbild f\u00fcr einen volll best\u00fcckten Stiftek\u00f6cher\" style=\"background-image: url(&#039;https:\/\/clickdesk.at\/wp-content\/uploads\/2026\/02\/Koecher_voll-scaled.jpg&#039;)\">\n\n\t\t\t\n\t\t\t\t\t<\/div>\n\t\t\t\t\t\t\t\t<\/div>\n\t\t\t\t\t\t\t\t\t\t\t<div class=\"swiper-slide\" role=\"group\" aria-roledescription=\"slide\">\n\t\t\t\t\t\t\t\t\t<div class=\"elementor-carousel-image\" role=\"img\" aria-label=\"Koecher_Farben\" style=\"background-image: url(&#039;https:\/\/clickdesk.at\/wp-content\/uploads\/2026\/02\/Koecher_Farben-scaled.jpg&#039;)\">\n\n\t\t\t\n\t\t\t\t\t<\/div>\n\t\t\t\t\t\t\t\t<\/div>\n\t\t\t\t\t\t\t\t\t\t\t<div class=\"swiper-slide\" role=\"group\" aria-roledescription=\"slide\">\n\t\t\t\t\t\t\t\t\t<div class=\"elementor-carousel-image\" role=\"img\" aria-label=\"Kocher_stufen\" style=\"background-image: url(&#039;https:\/\/clickdesk.at\/wp-content\/uploads\/2026\/02\/Kocher_stufen-scaled.jpg&#039;)\">\n\n\t\t\t\n\t\t\t\t\t<\/div>\n\t\t\t\t\t\t\t\t<\/div>\n\t\t\t\t\t\t\t\t\t\t\t<div class=\"swiper-slide\" role=\"group\" aria-roledescription=\"slide\">\n\t\t\t\t\t\t\t\t\t<div class=\"elementor-carousel-image\" role=\"img\" aria-label=\"Kocher_lila\" style=\"background-image: url(&#039;https:\/\/clickdesk.at\/wp-content\/uploads\/2026\/02\/Kocher_lila-scaled.jpg&#039;)\">\n\n\t\t\t\n\t\t\t\t\t<\/div>\n\t\t\t\t\t\t\t\t<\/div>\n\t\t\t\t\t\t\t\t\t\t\t<div class=\"swiper-slide\" role=\"group\" aria-roledescription=\"slide\">\n\t\t\t\t\t\t\t\t\t<div class=\"elementor-carousel-image\" role=\"img\" aria-label=\"Koecher_trenner\" style=\"background-image: url(&#039;https:\/\/clickdesk.at\/wp-content\/uploads\/2026\/02\/Koecher_trenner-scaled.jpg&#039;)\">\n\n\t\t\t\n\t\t\t\t\t<\/div>\n\t\t\t\t\t\t\t\t<\/div>\n\t\t\t\t\t\t\t\t\t<\/div>\n\t\t\t\t\t\t\t\t\t\t\t\t\t\t\t\t\t\t\t\t\t<\/div>\n\t\t\t\t\t\t\t\t<\/div>\n\t\t<div class=\"elementor-element elementor-element-593a5784 e-con-full e-flex e-con e-child\" data-id=\"593a5784\" data-element_type=\"container\" data-e-type=\"container\" id=\"shop\" data-settings=\"{&quot;background_background&quot;:&quot;classic&quot;}\">\n\t\t\t\t<div class=\"elementor-element elementor-element-66c04680 elementor-widget elementor-widget-heading\" data-id=\"66c04680\" data-element_type=\"widget\" data-e-type=\"widget\" data-widget_type=\"heading.default\">\n\t\t\t\t\t<h2 class=\"elementor-heading-title elementor-size-default\">Order one of our starter sets now<\/h2>\t\t\t\t<\/div>\n\t\t\t\t<div class=\"elementor-element elementor-element-3ebd5fd4 elementor-widget__width-initial elementor-widget elementor-widget-text-editor\" data-id=\"3ebd5fd4\" data-element_type=\"widget\" data-e-type=\"widget\" data-widget_type=\"text-editor.default\">\n\t\t\t\t\t\t\t\t\t<p data-start=\"464\" data-end=\"577\">Our basic set includes four holders in sizes 20 mm, 40 mm, 80 mm, and 100 mm, along with the required connectors.<\/p><p data-start=\"579\" data-end=\"615\">At our special starter price of $25.<\/p><p data-start=\"617\" data-end=\"701\">And our design set includes 4 design sleeves in the color and design of your choice.<\/p><p data-start=\"703\" data-end=\"739\">At our special starter price of $20.<\/p>\t\t\t\t\t\t\t\t<\/div>\n\t\t\t\t<div class=\"elementor-element elementor-element-81b00ba elementor-align-center elementor-widget elementor-widget-button\" data-id=\"81b00ba\" data-element_type=\"widget\" data-e-type=\"widget\" data-widget_type=\"button.default\">\n\t\t\t\t\t\t\t\t\t\t<a class=\"elementor-button elementor-button-link elementor-size-sm\" href=\"https:\/\/clickdesk.store\">\n\t\t\t\t\t\t<span class=\"elementor-button-content-wrapper\">\n\t\t\t\t\t\t\t\t\t<span class=\"elementor-button-text\">Order here!<\/span>\n\t\t\t\t\t<\/span>\n\t\t\t\t\t<\/a>\n\t\t\t\t\t\t\t\t<\/div>\n\t\t\t\t<\/div>\n\t\t\t\t\t<\/div>\n\t\t\t\t<\/div>\n\t\t\t\t<\/div>\n\t\t<div class=\"elementor-element elementor-element-5ad43da e-flex e-con-boxed e-con e-parent\" data-id=\"5ad43da\" data-element_type=\"container\" data-e-type=\"container\">\n\t\t\t\t\t<div class=\"e-con-inner\">\n\t\t\t\t<div class=\"elementor-element elementor-element-104422c elementor-widget elementor-widget-menu-anchor\" data-id=\"104422c\" data-element_type=\"widget\" data-e-type=\"widget\" data-widget_type=\"menu-anchor.default\">\n\t\t\t\t\t\t\t<div class=\"elementor-menu-anchor\" id=\"about-us\"><\/div>\n\t\t\t\t\t\t<\/div>\n\t\t\t\t\t<\/div>\n\t\t\t\t<\/div>\n\t\t<div class=\"elementor-element elementor-element-5f07ce56 e-flex e-con-boxed e-con e-parent\" data-id=\"5f07ce56\" data-element_type=\"container\" data-e-type=\"container\" data-settings=\"{&quot;background_background&quot;:&quot;classic&quot;}\">\n\t\t\t\t\t<div class=\"e-con-inner\">\n\t\t\t\t<div class=\"elementor-element elementor-element-33095f69 elementor-widget elementor-widget-heading\" data-id=\"33095f69\" data-element_type=\"widget\" data-e-type=\"widget\" data-widget_type=\"heading.default\">\n\t\t\t\t\t<h2 class=\"elementor-heading-title elementor-size-default\">About Us<\/h2>\t\t\t\t<\/div>\n\t\t\t\t<div class=\"elementor-element elementor-element-56a561b0 elementor-widget__width-initial elementor-widget elementor-widget-text-editor\" data-id=\"56a561b0\" data-element_type=\"widget\" data-e-type=\"widget\" data-widget_type=\"text-editor.default\">\n\t\t\t\t\t\t\t\t\t<p>We\u2019re a small team from Vienna, Austria. During a team meeting, we noticed how messy our desks get when we\u2019re deep in creative work. Instead of accepting the chaos, we built a solution.<\/p>\t\t\t\t\t\t\t\t<\/div>\n\t\t\t\t<div class=\"elementor-element elementor-element-6d056a07 elementor-widget elementor-widget-text-editor\" data-id=\"6d056a07\" data-element_type=\"widget\" data-e-type=\"widget\" data-widget_type=\"text-editor.default\">\n\t\t\t\t\t\t\t\t\t<p>ClickDesk isn\u2019t just a pen holder:<br \/>It\u2019s a modular desk system designed to keep your workspace organized and your mind focused.<\/p><p><strong>ClickDesk \u2013 organization that clicks.<\/strong><\/p><p>The ClickDesk Team<\/p>\t\t\t\t\t\t\t\t<\/div>\n\t\t\t\t\t<\/div>\n\t\t\t\t<\/div>\n\t\t<div class=\"elementor-element elementor-element-7f905329 e-con-full e-flex e-con e-parent\" data-id=\"7f905329\" data-element_type=\"container\" data-e-type=\"container\">\n\t\t<div class=\"elementor-element elementor-element-258bf79d e-con-full e-flex e-con e-child\" data-id=\"258bf79d\" data-element_type=\"container\" data-e-type=\"container\" id=\"contact\">\n\t\t\t\t<div class=\"elementor-element elementor-element-6c2c997c elementor-widget elementor-widget-heading\" data-id=\"6c2c997c\" data-element_type=\"widget\" data-e-type=\"widget\" data-widget_type=\"heading.default\">\n\t\t\t\t\t<h2 class=\"elementor-heading-title elementor-size-default\">Our Product<\/h2>\t\t\t\t<\/div>\n\t\t<div class=\"elementor-element elementor-element-31ee624 e-grid e-con-full e-con e-child\" data-id=\"31ee624\" data-element_type=\"container\" data-e-type=\"container\">\n\t\t\t\t<div class=\"elementor-element elementor-element-3490524 elementor-widget__width-initial elementor-widget elementor-widget-text-editor\" data-id=\"3490524\" data-element_type=\"widget\" data-e-type=\"widget\" data-widget_type=\"text-editor.default\">\n\t\t\t\t\t\t\t\t\t<p data-start=\"2184\" data-end=\"2350\">ClickDesk is designed and manufactured in Vienna, Austria. While it starts as a pen holder, it\u2019s really a customizable desk organizer built for everyday productivity.<\/p><p data-start=\"2352\" data-end=\"2541\">Our starter set includes containers in multiple sizes that can be personalized with interchangeable design sleeves. If you want a new look, just swap the sleeve \u2014 no need to buy a new base.<\/p><p data-start=\"2543\" data-end=\"2705\">We\u2019re launching with pen organizers, and a notepad holder and business card holder are already in development. Many additional modules and designs are on the way.<\/p><p data-start=\"2707\" data-end=\"2821\">We\u2019ll also introduce limited-edition colors and designs available for a short time only, including during launch.<\/p><p data-start=\"2823\" data-end=\"3027\">If you purchase a special edition, you\u2019ll receive a guarantee card that allows you to reorder matching components anytime. That way, your limited design can continue to expand as new modules are released.<\/p>\t\t\t\t\t\t\t\t<\/div>\n\t\t<div class=\"elementor-element elementor-element-51e6085 e-grid e-con-full e-con e-child\" data-id=\"51e6085\" data-element_type=\"container\" data-e-type=\"container\">\n\t\t\t\t<div class=\"elementor-element elementor-element-192c96f elementor-widget elementor-widget-image\" data-id=\"192c96f\" data-element_type=\"widget\" data-e-type=\"widget\" data-widget_type=\"image.default\">\n\t\t\t\t\t\t\t\t\t\t\t\t\t\t\t<img fetchpriority=\"high\" decoding=\"async\" width=\"800\" height=\"800\" src=\"https:\/\/clickdesk.at\/wp-content\/uploads\/2026\/02\/Koecher_voll-1-1024x1024.jpg\" class=\"attachment-large size-large wp-image-274\" alt=\"\" srcset=\"https:\/\/clickdesk.at\/wp-content\/uploads\/2026\/02\/Koecher_voll-1-1024x1024.jpg 1024w, https:\/\/clickdesk.at\/wp-content\/uploads\/2026\/02\/Koecher_voll-1-300x300.jpg 300w, https:\/\/clickdesk.at\/wp-content\/uploads\/2026\/02\/Koecher_voll-1-150x150.jpg 150w, https:\/\/clickdesk.at\/wp-content\/uploads\/2026\/02\/Koecher_voll-1-768x768.jpg 768w, https:\/\/clickdesk.at\/wp-content\/uploads\/2026\/02\/Koecher_voll-1-1536x1536.jpg 1536w, https:\/\/clickdesk.at\/wp-content\/uploads\/2026\/02\/Koecher_voll-1-2048x2048.jpg 2048w\" sizes=\"(max-width: 800px) 100vw, 800px\" \/>\t\t\t\t\t\t\t\t\t\t\t\t\t\t\t<\/div>\n\t\t\t\t<div class=\"elementor-element elementor-element-185d73c elementor-widget elementor-widget-image\" data-id=\"185d73c\" data-element_type=\"widget\" data-e-type=\"widget\" data-widget_type=\"image.default\">\n\t\t\t\t\t\t\t\t\t\t\t\t\t\t\t<img decoding=\"async\" width=\"800\" height=\"800\" src=\"https:\/\/clickdesk.at\/wp-content\/uploads\/2026\/02\/Koecher_Farben_1_1-1024x1024.jpg\" class=\"attachment-large size-large wp-image-275\" alt=\"\" srcset=\"https:\/\/clickdesk.at\/wp-content\/uploads\/2026\/02\/Koecher_Farben_1_1-1024x1024.jpg 1024w, https:\/\/clickdesk.at\/wp-content\/uploads\/2026\/02\/Koecher_Farben_1_1-300x300.jpg 300w, https:\/\/clickdesk.at\/wp-content\/uploads\/2026\/02\/Koecher_Farben_1_1-150x150.jpg 150w, https:\/\/clickdesk.at\/wp-content\/uploads\/2026\/02\/Koecher_Farben_1_1-768x768.jpg 768w, https:\/\/clickdesk.at\/wp-content\/uploads\/2026\/02\/Koecher_Farben_1_1-1536x1536.jpg 1536w, https:\/\/clickdesk.at\/wp-content\/uploads\/2026\/02\/Koecher_Farben_1_1-2048x2048.jpg 2048w\" sizes=\"(max-width: 800px) 100vw, 800px\" \/>\t\t\t\t\t\t\t\t\t\t\t\t\t\t\t<\/div>\n\t\t\t\t<\/div>\n\t\t\t\t<\/div>\n\t\t\t\t<div class=\"elementor-element elementor-element-cef66d3 elementor-widget elementor-widget-heading\" data-id=\"cef66d3\" data-element_type=\"widget\" data-e-type=\"widget\" data-widget_type=\"heading.default\">\n\t\t\t\t\t<h2 class=\"elementor-heading-title elementor-size-default\">Want to connect?<\/h2>\t\t\t\t<\/div>\n\t\t\t\t<div class=\"elementor-element elementor-element-7c59357e elementor-widget__width-initial elementor-widget elementor-widget-text-editor\" data-id=\"7c59357e\" data-element_type=\"widget\" data-e-type=\"widget\" data-widget_type=\"text-editor.default\">\n\t\t\t\t\t\t\t\t\t<p>We\u2019re constantly improving, developing new modules, and creating new designs.<br data-start=\"422\" data-end=\"425\" \/>If you have an idea for an add-on or a fresh design, we\u2019d love to hear from you.<\/p>\t\t\t\t\t\t\t\t<\/div>\n\t\t\t\t<\/div>\n\t\t\t\t<\/div>\n\t\t\t\t<\/div>\n\t\t","protected":false},"excerpt":{"rendered":"<p>Order one of our starter sets now Our basic set includes four holders in sizes 20 mm, 40 mm, 80 mm, and 100 mm, along with the required connectors. At our special starter price of $25. And our design set includes 4 design sleeves in the color and design of your choice. At our special [&hellip;]<\/p>\n","protected":false},"author":2,"featured_media":267,"parent":0,"menu_order":0,"comment_status":"closed","ping_status":"closed","template":"elementor_header_footer","meta":{"footnotes":""},"class_list":["post-55","page","type-page","status-publish","has-post-thumbnail","hentry"],"_links":{"self":[{"href":"https:\/\/clickdesk.at\/index.php?rest_route=\/wp\/v2\/pages\/55","targetHints":{"allow":["GET"]}}],"collection":[{"href":"https:\/\/clickdesk.at\/index.php?rest_route=\/wp\/v2\/pages"}],"about":[{"href":"https:\/\/clickdesk.at\/index.php?rest_route=\/wp\/v2\/types\/page"}],"author":[{"embeddable":true,"href":"https:\/\/clickdesk.at\/index.php?rest_route=\/wp\/v2\/users\/2"}],"replies":[{"embeddable":true,"href":"https:\/\/clickdesk.at\/index.php?rest_route=%2Fwp%2Fv2%2Fcomments&post=55"}],"version-history":[{"count":118,"href":"https:\/\/clickdesk.at\/index.php?rest_route=\/wp\/v2\/pages\/55\/revisions"}],"predecessor-version":[{"id":400,"href":"https:\/\/clickdesk.at\/index.php?rest_route=\/wp\/v2\/pages\/55\/revisions\/400"}],"wp:featuredmedia":[{"embeddable":true,"href":"https:\/\/clickdesk.at\/index.php?rest_route=\/wp\/v2\/media\/267"}],"wp:attachment":[{"href":"https:\/\/clickdesk.at\/index.php?rest_route=%2Fwp%2Fv2%2Fmedia&parent=55"}],"curies":[{"name":"wp","href":"https:\/\/api.w.org\/{rel}","templated":true}]}}